{"id":9118,"date":"2026-04-13T21:23:16","date_gmt":"2026-04-13T19:23:16","guid":{"rendered":"https:\/\/dicoaffairedreyfus.com\/?page_id=9118"},"modified":"2026-04-14T16:51:38","modified_gmt":"2026-04-14T14:51:38","slug":"anonymes","status":"publish","type":"page","link":"https:\/\/dicoaffairedreyfus.com\/index.php\/placards-chansons-tracts-objets-de-a-a-z\/anonymes\/","title":{"rendered":"Anonymes"},"content":{"rendered":"<p><span style=\"font-size: 12pt;\"><a href=\"https:\/\/dicoaffairedreyfus.com\/index.php\/2022\/02\/18\/anonyme-as-tu-vu-zola-ah-la-sale-bete-y-sest-tire-des-pattes\/\" target=\"_blank\" rel=\"noopener noreferrer\">Anonyme. <em>As-tu vu Zola&nbsp;? Ah&nbsp;! la sale b\u00eate&nbsp;! Y s\u2019est tir\u00e9 des pattes&nbsp;!<\/em> [placard et chanson]<\/a><\/span><br \/>\n<a href=\"https:\/\/dicoaffairedreyfus.com\/index.php\/2022\/02\/24\/anonyme-dreyfus-est-innocent\/\" target=\"_blank\" rel=\"noopener noreferrer\"><span style=\"font-size: 12pt;\">Anonyme.\u00a0<em>Dreyfus est innocent\u00a0<\/em>[placard]<\/span><\/a><br \/>\n<span style=\"font-size: 12pt;\"><a href=\"https:\/\/dicoaffairedreyfus.com\/index.php\/2022\/02\/24\/anonyme-dreyfus-est-un-traitre\/\" target=\"_blank\" rel=\"noopener noreferrer\">Anonyme.\u00a0<em>Dreyfus est un tra\u00eetre<\/em> [placard]<\/a><\/span><br \/>\n<span style=\"font-size: 12pt;\"><a href=\"https:\/\/dicoaffairedreyfus.com\/index.php\/2022\/01\/17\/anonyme-12\/\" target=\"_blank\" rel=\"noopener noreferrer\">Anonyme.\u00a0<em>Histoire d&rsquo;un innocent<\/em> [placard]<\/a><\/span><br \/>\n<span style=\"font-size: 12pt;\"><a href=\"https:\/\/dicoaffairedreyfus.com\/index.php\/2022\/01\/18\/anonyme-13\/\" target=\"_blank\" rel=\"noopener noreferrer\">Anonyme.\u00a0<em>Histoire d&rsquo;un <\/em><em>tra\u00eetre<\/em> [placard]<\/a><\/span><br \/>\n<span style=\"font-size: 12pt;\"><a href=\"https:\/\/dicoaffairedreyfus.com\/index.php\/2022\/03\/23\/anonyme-image-populaire\/\" target=\"_blank\" rel=\"noopener noreferrer\">Anonyme,\u00a0<em>Image Populaire<\/em> [placards et placards-chanson]<\/a><\/span><br \/>\n<span style=\"font-size: 12pt;\"><a href=\"https:\/\/dicoaffairedreyfus.com\/index.php\/2023\/01\/31\/jeu-de-la-verite\/\" target=\"_blank\" rel=\"noopener\">Anonyme. <em>Jeu de la V\u00e9rit\u00e9<\/em> [jeu de l&rsquo;oie]<\/a><\/span><br \/>\n<span style=\"font-size: 12pt;\"><a href=\"https:\/\/dicoaffairedreyfus.com\/index.php\/2022\/02\/18\/anonyme-le-martyr-de-lile-du-diable-victime-de-son-bedit-commerce\/\" target=\"_blank\" rel=\"noopener noreferrer\">Anonyme. <em>Le martyr de l\u2019\u00eele du Diable victime de son bedit commerce<\/em> [placard-chanson]<\/a><\/span><br \/>\n<a href=\"https:\/\/dicoaffairedreyfus.com\/index.php\/2022\/03\/23\/anonyme-image-populaire\/\" target=\"_blank\" rel=\"noopener noreferrer\"><span style=\"font-size: 12pt;\">Anonyme. <em>Les Rempart d\u2019Isra\u00ebl ou les douze ap\u00f4tres de Dreyfus<\/em> [placard-chanson]<\/span><\/a><br \/>\n<a href=\"https:\/\/dicoaffairedreyfus.com\/index.php\/2022\/03\/23\/anonyme-image-populaire\/\" target=\"_blank\" rel=\"noopener noreferrer\"><span style=\"font-size: 12pt;\">Anonyme. <em>Le retour de l\u2019\u00eele du Diable. Entr\u00e9e triomphale \u00e0 Paris<\/em> [placard-chanson]<\/span><\/a><br \/>\n<span style=\"font-size: 12pt;\"><a href=\"https:\/\/dicoaffairedreyfus.com\/index.php\/2022\/02\/18\/anonyme-le-youpin\/\" target=\"_blank\" rel=\"noopener noreferrer\">Anonyme. <em>Le Youpin<\/em> [placard]<\/a><\/span><\/p>\n","protected":false},"excerpt":{"rendered":"<p>Anonyme. As-tu vu Zola&nbsp;? Ah&nbsp;! la sale b\u00eate&nbsp;! Y s\u2019est tir\u00e9 des pattes&nbsp;! [placard et chanson] Anonyme.\u00a0Dreyfus est innocent\u00a0[placard] Anonyme.\u00a0Dreyfus est un tra\u00eetre [placard] Anonyme.\u00a0Histoire d&rsquo;un innocent [placard] Anonyme.\u00a0Histoire d&rsquo;un tra\u00eetre [placard] Anonyme,\u00a0Image Populaire [placards et placards-chanson] Anonyme. Jeu de la V\u00e9rit\u00e9 [jeu de l&rsquo;oie] Anonyme. Le martyr de l\u2019\u00eele du Diable victime de son [&hellip;]<\/p>\n","protected":false},"author":1,"featured_media":0,"parent":9111,"menu_order":0,"comment_status":"closed","ping_status":"closed","template":"","meta":{"footnotes":""},"categories":[],"tags":[],"class_list":["post-9118","page","type-page","status-publish","hentry"],"yoast_head":"<!-- This site is optimized with the Yoast SEO plugin v21.1 - https:\/\/yoast.com\/wordpress\/plugins\/seo\/ -->\n<title>Anonymes - Dictionnaire de l&#039;affaire Dreyfus<\/title>\n<meta name=\"robots\" content=\"index, follow, max-snippet:-1, max-image-preview:large, max-video-preview:-1\" \/>\n<link rel=\"canonical\" href=\"https:\/\/dicoaffairedreyfus.com\/index.php\/placards-chansons-tracts-objets-de-a-a-z\/anonymes\/\" \/>\n<meta property=\"og:locale\" content=\"fr_FR\" \/>\n<meta property=\"og:type\" content=\"article\" \/>\n<meta property=\"og:title\" content=\"Anonymes - Dictionnaire de l&#039;affaire Dreyfus\" \/>\n<meta property=\"og:description\" content=\"Anonyme. As-tu vu Zola&nbsp;? Ah&nbsp;! la sale b\u00eate&nbsp;! Y s\u2019est tir\u00e9 des pattes&nbsp;! [placard et chanson] Anonyme.\u00a0Dreyfus est innocent\u00a0[placard] Anonyme.\u00a0Dreyfus est un tra\u00eetre [placard] Anonyme.\u00a0Histoire d&rsquo;un innocent [placard] Anonyme.\u00a0Histoire d&rsquo;un tra\u00eetre [placard] Anonyme,\u00a0Image Populaire [placards et placards-chanson] Anonyme. Jeu de la V\u00e9rit\u00e9 [jeu de l&rsquo;oie] Anonyme. Le martyr de l\u2019\u00eele du Diable victime de son [&hellip;]\" \/>\n<meta property=\"og:url\" content=\"https:\/\/dicoaffairedreyfus.com\/index.php\/placards-chansons-tracts-objets-de-a-a-z\/anonymes\/\" \/>\n<meta property=\"og:site_name\" content=\"Dictionnaire de l&#039;affaire Dreyfus\" \/>\n<meta property=\"article:modified_time\" content=\"2026-04-14T14:51:38+00:00\" \/>\n<meta name=\"twitter:card\" content=\"summary_large_image\" \/>\n<meta name=\"twitter:label1\" content=\"Dur\u00e9e de lecture estim\u00e9e\" \/>\n\t<meta name=\"twitter:data1\" content=\"1 minute\" \/>\n<script type=\"application\/ld+json\" class=\"yoast-schema-graph\">{\"@context\":\"https:\/\/schema.org\",\"@graph\":[{\"@type\":\"WebPage\",\"@id\":\"https:\/\/dicoaffairedreyfus.com\/index.php\/placards-chansons-tracts-objets-de-a-a-z\/anonymes\/\",\"url\":\"https:\/\/dicoaffairedreyfus.com\/index.php\/placards-chansons-tracts-objets-de-a-a-z\/anonymes\/\",\"name\":\"Anonymes - Dictionnaire de l&#039;affaire Dreyfus\",\"isPartOf\":{\"@id\":\"https:\/\/dicoaffairedreyfus.com\/#website\"},\"datePublished\":\"2026-04-13T19:23:16+00:00\",\"dateModified\":\"2026-04-14T14:51:38+00:00\",\"breadcrumb\":{\"@id\":\"https:\/\/dicoaffairedreyfus.com\/index.php\/placards-chansons-tracts-objets-de-a-a-z\/anonymes\/#breadcrumb\"},\"inLanguage\":\"fr-FR\",\"potentialAction\":[{\"@type\":\"ReadAction\",\"target\":[\"https:\/\/dicoaffairedreyfus.com\/index.php\/placards-chansons-tracts-objets-de-a-a-z\/anonymes\/\"]}]},{\"@type\":\"BreadcrumbList\",\"@id\":\"https:\/\/dicoaffairedreyfus.com\/index.php\/placards-chansons-tracts-objets-de-a-a-z\/anonymes\/#breadcrumb\",\"itemListElement\":[{\"@type\":\"ListItem\",\"position\":1,\"name\":\"Accueil\",\"item\":\"https:\/\/dicoaffairedreyfus.com\/\"},{\"@type\":\"ListItem\",\"position\":2,\"name\":\"Placards\/Chansons\/tracts\/Objets de A \u00e0 Z\",\"item\":\"https:\/\/dicoaffairedreyfus.com\/index.php\/placards-chansons-tracts-objets-de-a-a-z\/\"},{\"@type\":\"ListItem\",\"position\":3,\"name\":\"Anonymes\"}]},{\"@type\":\"WebSite\",\"@id\":\"https:\/\/dicoaffairedreyfus.com\/#website\",\"url\":\"https:\/\/dicoaffairedreyfus.com\/\",\"name\":\"Dictionnaire de l&#039;affaire Dreyfus\",\"description\":\"Tout sur l&#039;affaire Dreyfus\",\"publisher\":{\"@id\":\"https:\/\/dicoaffairedreyfus.com\/#\/schema\/person\/eb6314936862b5f00f876026520b19ef\"},\"potentialAction\":[{\"@type\":\"SearchAction\",\"target\":{\"@type\":\"EntryPoint\",\"urlTemplate\":\"https:\/\/dicoaffairedreyfus.com\/?s={search_term_string}\"},\"query-input\":\"required name=search_term_string\"}],\"inLanguage\":\"fr-FR\"},{\"@type\":[\"Person\",\"Organization\"],\"@id\":\"https:\/\/dicoaffairedreyfus.com\/#\/schema\/person\/eb6314936862b5f00f876026520b19ef\",\"name\":\"ph.oriol\",\"image\":{\"@type\":\"ImageObject\",\"inLanguage\":\"fr-FR\",\"@id\":\"https:\/\/dicoaffairedreyfus.com\/#\/schema\/person\/image\/\",\"url\":\"https:\/\/secure.gravatar.com\/avatar\/90cd184f47237a6b9abd891ba824fbed?s=96&d=mm&r=g\",\"contentUrl\":\"https:\/\/secure.gravatar.com\/avatar\/90cd184f47237a6b9abd891ba824fbed?s=96&d=mm&r=g\",\"caption\":\"ph.oriol\"},\"logo\":{\"@id\":\"https:\/\/dicoaffairedreyfus.com\/#\/schema\/person\/image\/\"},\"sameAs\":[\"http:\/\/affaire-dreyfus.com\/\"]}]}<\/script>\n<!-- \/ Yoast SEO plugin. -->","yoast_head_json":{"title":"Anonymes - Dictionnaire de l&#039;affaire Dreyfus","robots":{"index":"index","follow":"follow","max-snippet":"max-snippet:-1","max-image-preview":"max-image-preview:large","max-video-preview":"max-video-preview:-1"},"canonical":"https:\/\/dicoaffairedreyfus.com\/index.php\/placards-chansons-tracts-objets-de-a-a-z\/anonymes\/","og_locale":"fr_FR","og_type":"article","og_title":"Anonymes - Dictionnaire de l&#039;affaire Dreyfus","og_description":"Anonyme. As-tu vu Zola&nbsp;? Ah&nbsp;! la sale b\u00eate&nbsp;! Y s\u2019est tir\u00e9 des pattes&nbsp;! [placard et chanson] Anonyme.\u00a0Dreyfus est innocent\u00a0[placard] Anonyme.\u00a0Dreyfus est un tra\u00eetre [placard] Anonyme.\u00a0Histoire d&rsquo;un innocent [placard] Anonyme.\u00a0Histoire d&rsquo;un tra\u00eetre [placard] Anonyme,\u00a0Image Populaire [placards et placards-chanson] Anonyme. Jeu de la V\u00e9rit\u00e9 [jeu de l&rsquo;oie] Anonyme. Le martyr de l\u2019\u00eele du Diable victime de son [&hellip;]","og_url":"https:\/\/dicoaffairedreyfus.com\/index.php\/placards-chansons-tracts-objets-de-a-a-z\/anonymes\/","og_site_name":"Dictionnaire de l&#039;affaire Dreyfus","article_modified_time":"2026-04-14T14:51:38+00:00","twitter_card":"summary_large_image","twitter_misc":{"Dur\u00e9e de lecture estim\u00e9e":"1 minute"},"schema":{"@context":"https:\/\/schema.org","@graph":[{"@type":"WebPage","@id":"https:\/\/dicoaffairedreyfus.com\/index.php\/placards-chansons-tracts-objets-de-a-a-z\/anonymes\/","url":"https:\/\/dicoaffairedreyfus.com\/index.php\/placards-chansons-tracts-objets-de-a-a-z\/anonymes\/","name":"Anonymes - Dictionnaire de l&#039;affaire Dreyfus","isPartOf":{"@id":"https:\/\/dicoaffairedreyfus.com\/#website"},"datePublished":"2026-04-13T19:23:16+00:00","dateModified":"2026-04-14T14:51:38+00:00","breadcrumb":{"@id":"https:\/\/dicoaffairedreyfus.com\/index.php\/placards-chansons-tracts-objets-de-a-a-z\/anonymes\/#breadcrumb"},"inLanguage":"fr-FR","potentialAction":[{"@type":"ReadAction","target":["https:\/\/dicoaffairedreyfus.com\/index.php\/placards-chansons-tracts-objets-de-a-a-z\/anonymes\/"]}]},{"@type":"BreadcrumbList","@id":"https:\/\/dicoaffairedreyfus.com\/index.php\/placards-chansons-tracts-objets-de-a-a-z\/anonymes\/#breadcrumb","itemListElement":[{"@type":"ListItem","position":1,"name":"Accueil","item":"https:\/\/dicoaffairedreyfus.com\/"},{"@type":"ListItem","position":2,"name":"Placards\/Chansons\/tracts\/Objets de A \u00e0 Z","item":"https:\/\/dicoaffairedreyfus.com\/index.php\/placards-chansons-tracts-objets-de-a-a-z\/"},{"@type":"ListItem","position":3,"name":"Anonymes"}]},{"@type":"WebSite","@id":"https:\/\/dicoaffairedreyfus.com\/#website","url":"https:\/\/dicoaffairedreyfus.com\/","name":"Dictionnaire de l&#039;affaire Dreyfus","description":"Tout sur l&#039;affaire Dreyfus","publisher":{"@id":"https:\/\/dicoaffairedreyfus.com\/#\/schema\/person\/eb6314936862b5f00f876026520b19ef"},"potentialAction":[{"@type":"SearchAction","target":{"@type":"EntryPoint","urlTemplate":"https:\/\/dicoaffairedreyfus.com\/?s={search_term_string}"},"query-input":"required name=search_term_string"}],"inLanguage":"fr-FR"},{"@type":["Person","Organization"],"@id":"https:\/\/dicoaffairedreyfus.com\/#\/schema\/person\/eb6314936862b5f00f876026520b19ef","name":"ph.oriol","image":{"@type":"ImageObject","inLanguage":"fr-FR","@id":"https:\/\/dicoaffairedreyfus.com\/#\/schema\/person\/image\/","url":"https:\/\/secure.gravatar.com\/avatar\/90cd184f47237a6b9abd891ba824fbed?s=96&d=mm&r=g","contentUrl":"https:\/\/secure.gravatar.com\/avatar\/90cd184f47237a6b9abd891ba824fbed?s=96&d=mm&r=g","caption":"ph.oriol"},"logo":{"@id":"https:\/\/dicoaffairedreyfus.com\/#\/schema\/person\/image\/"},"sameAs":["http:\/\/affaire-dreyfus.com\/"]}]}},"_links":{"self":[{"href":"https:\/\/dicoaffairedreyfus.com\/index.php\/wp-json\/wp\/v2\/pages\/9118","targetHints":{"allow":["GET"]}}],"collection":[{"href":"https:\/\/dicoaffairedreyfus.com\/index.php\/wp-json\/wp\/v2\/pages"}],"about":[{"href":"https:\/\/dicoaffairedreyfus.com\/index.php\/wp-json\/wp\/v2\/types\/page"}],"author":[{"embeddable":true,"href":"https:\/\/dicoaffairedreyfus.com\/index.php\/wp-json\/wp\/v2\/users\/1"}],"replies":[{"embeddable":true,"href":"https:\/\/dicoaffairedreyfus.com\/index.php\/wp-json\/wp\/v2\/comments?post=9118"}],"version-history":[{"count":6,"href":"https:\/\/dicoaffairedreyfus.com\/index.php\/wp-json\/wp\/v2\/pages\/9118\/revisions"}],"predecessor-version":[{"id":9185,"href":"https:\/\/dicoaffairedreyfus.com\/index.php\/wp-json\/wp\/v2\/pages\/9118\/revisions\/9185"}],"up":[{"embeddable":true,"href":"https:\/\/dicoaffairedreyfus.com\/index.php\/wp-json\/wp\/v2\/pages\/9111"}],"wp:attachment":[{"href":"https:\/\/dicoaffairedreyfus.com\/index.php\/wp-json\/wp\/v2\/media?parent=9118"}],"wp:term":[{"taxonomy":"category","embeddable":true,"href":"https:\/\/dicoaffairedreyfus.com\/index.php\/wp-json\/wp\/v2\/categories?post=9118"},{"taxonomy":"post_tag","embeddable":true,"href":"https:\/\/dicoaffairedreyfus.com\/index.php\/wp-json\/wp\/v2\/tags?post=9118"}],"curies":[{"name":"wp","href":"https:\/\/api.w.org\/{rel}","templated":true}]}}